{"id":4031,"date":"2022-12-01T12:16:38","date_gmt":"2022-12-01T11:16:38","guid":{"rendered":"https:\/\/datafret.com\/?page_id=4031"},"modified":"2022-12-02T15:14:03","modified_gmt":"2022-12-02T14:14:03","slug":"mentions-legales","status":"publish","type":"page","link":"https:\/\/datafret.com\/en\/mentions-legales\/","title":{"rendered":"Legal mention"},"content":{"rendered":"<div data-elementor-type=\"wp-page\" data-elementor-id=\"4031\" class=\"elementor elementor-4031\">\n\t\t\t\t\t\t<section class=\"elementor-section elementor-top-section elementor-element elementor-element-3fb8e56 elementor-section-height-min-height elementor-section-boxed elementor-section-height-default elementor-section-items-middle wpr-particle-no wpr-jarallax-no wpr-parallax-no wpr-sticky-section-no\" data-id=\"3fb8e56\" data-element_type=\"section\" data-settings=\"{&quot;background_background&quot;:&quot;gradient&quot;}\">\n\t\t\t\t\t\t\t<div class=\"elementor-background-overlay\"><\/div>\n\t\t\t\t\t\t\t<div class=\"elementor-container elementor-column-gap-default\">\n\t\t\t\t\t<div class=\"elementor-column elementor-col-100 elementor-top-column elementor-element elementor-element-c9a976c\" data-id=\"c9a976c\" data-element_type=\"column\">\n\t\t\t<div class=\"elementor-widget-wrap elementor-element-populated\">\n\t\t\t\t\t\t<div class=\"elementor-element elementor-element-43c4509 elementor-widget elementor-widget-heading\" data-id=\"43c4509\" data-element_type=\"widget\" data-widget_type=\"heading.default\">\n\t\t\t\t<div class=\"elementor-widget-container\">\n\t\t\t<h1 class=\"elementor-heading-title elementor-size-default\">Legal mention<\/h1>\t\t<\/div>\n\t\t\t\t<\/div>\n\t\t\t\t<div class=\"elementor-element elementor-element-c1d92b3 elementor-widget elementor-widget-text-editor\" data-id=\"c1d92b3\" data-element_type=\"widget\" data-widget_type=\"text-editor.default\">\n\t\t\t\t<div class=\"elementor-widget-container\">\n\t\t\t\t\t\t\t<p style=\"text-align: center;\">Derni\u00e8re mise \u00e0 jour : 01\/01\/2022\u00a0<\/p>\t\t\t\t\t\t<\/div>\n\t\t\t\t<\/div>\n\t\t\t\t\t<\/div>\n\t\t<\/div>\n\t\t\t\t\t<\/div>\n\t\t<\/section>\n\t\t\t\t<section class=\"elementor-section elementor-top-section elementor-element elementor-element-537a2df elementor-section-height-min-height elementor-section-boxed elementor-section-height-default elementor-section-items-middle wpr-particle-no wpr-jarallax-no wpr-parallax-no wpr-sticky-section-no\" data-id=\"537a2df\" data-element_type=\"section\">\n\t\t\t\t\t\t<div class=\"elementor-container elementor-column-gap-default\">\n\t\t\t\t\t<div class=\"elementor-column elementor-col-100 elementor-top-column elementor-element elementor-element-2514436\" data-id=\"2514436\" data-element_type=\"column\">\n\t\t\t<div class=\"elementor-widget-wrap elementor-element-populated\">\n\t\t\t\t\t\t<div class=\"elementor-element elementor-element-d9fef92 elementor-widget elementor-widget-text-editor\" data-id=\"d9fef92\" data-element_type=\"widget\" data-widget_type=\"text-editor.default\">\n\t\t\t\t<div class=\"elementor-widget-container\">\n\t\t\t\t\t\t\t<h2><span data-css=\"tve-u-17956312a8b\">Directeur de la publication :<\/span><\/h2><p><span data-css=\"tve-u-17956312a8e\">Monsieur Mathieu Brothier, Co-fondateur.<\/span><\/p><h2><span data-css=\"tve-u-17956312a91\">H\u00e9bergeur :<\/span><\/h2><p><span data-css=\"tve-u-17956312a94\">Le site www.datafret.com est h\u00e9berg\u00e9 par la soci\u00e9t\u00e9 WP Engine :\u00a0<\/span><\/p><p><span data-css=\"tve-u-17956312a94\">WP Engine 504 Lavaca Street, Suite 1000 Austin, Texas 78701 United States. 1-877-973-6446. sales@wpengine.com<\/span><\/p><p><span data-css=\"tve-u-1795631104e\">Le site internet www.datafret.com ci-apr\u00e8s &#8220;le site&#8221;) est \u00e9dit\u00e9 par la soci\u00e9t\u00e9 FARI ANALYTICS, soci\u00e9t\u00e9 par actions simplifi\u00e9es (SAS) au capital de 28 000 euros dont le si\u00e8ge social se situe au 11 cours du XXX Juillet, 33000 Bordeaux, immatricul\u00e9 au RCS le 01-02-2019 sous le n\u00b0<strong>\u00a0<\/strong>847 929 064.<\/span><\/p><p>N\u00b0\u00a0SIRET\u00a0: 847 929 064 00024<\/p><p>N\u00b0 TVA intracommunautaire : F R 3 4 8 4 7 9 2 9 0 6 4<\/p>\t\t\t\t\t\t<\/div>\n\t\t\t\t<\/div>\n\t\t\t\t\t<\/div>\n\t\t<\/div>\n\t\t\t\t\t<\/div>\n\t\t<\/section>\n\t\t\t\t<\/div>","protected":false},"excerpt":{"rendered":"<p>Mentions l\u00e9gales Derni\u00e8re mise \u00e0 jour : 01\/01\/2022\u00a0 Directeur de la publication : Monsieur Mathieu Brothier, Co-fondateur. H\u00e9bergeur : Le site www.datafret.com est h\u00e9berg\u00e9 par la soci\u00e9t\u00e9 WP Engine :\u00a0 WP Engine 504 Lavaca Street, Suite 1000 Austin, Texas 78701 United States. 1-877-973-6446. sales@wpengine.com Le site internet www.datafret.com ci-apr\u00e8s &#8220;le site&#8221;) est \u00e9dit\u00e9 par la soci\u00e9t\u00e9 FARI ANALYTICS, soci\u00e9t\u00e9 par actions simplifi\u00e9es (SAS) au capital de 28 000 euros dont le si\u00e8ge social se situe au 11 cours du XXX Juillet, 33000 Bordeaux, immatricul\u00e9 au RCS le 01-02-2019 sous le n\u00b0\u00a0847 929 064. N\u00b0\u00a0SIRET\u00a0: 847 929 064 00024 N\u00b0 TVA intracommunautaire : F R 3 4 8 4 7 9 2 9 0 6 4<\/p>","protected":false},"author":2,"featured_media":0,"parent":0,"menu_order":0,"comment_status":"closed","ping_status":"closed","template":"elementor_header_footer","meta":{"_monsterinsights_skip_tracking":false,"_monsterinsights_sitenote_active":false,"_monsterinsights_sitenote_note":"","_monsterinsights_sitenote_category":0,"footnotes":""},"class_list":["post-4031","page","type-page","status-publish","hentry"],"yoast_head":"<!-- This site is optimized with the Yoast SEO plugin v27.5 - https:\/\/yoast.com\/product\/yoast-seo-wordpress\/ -->\n<title>Mentions l\u00e9gales | DataFret<\/title>\n<meta name=\"robots\" content=\"noindex, nofollow\" \/>\n<meta property=\"og:locale\" content=\"en_US\" \/>\n<meta property=\"og:type\" content=\"article\" \/>\n<meta property=\"og:title\" content=\"Mentions l\u00e9gales | DataFret\" \/>\n<meta property=\"og:description\" content=\"Mentions l\u00e9gales Derni\u00e8re mise \u00e0 jour : 01\/01\/2022\u00a0 Directeur de la publication : Monsieur Mathieu Brothier, Co-fondateur. H\u00e9bergeur : Le site www.datafret.com est h\u00e9berg\u00e9 par la soci\u00e9t\u00e9 WP Engine :\u00a0 WP Engine 504 Lavaca Street, Suite 1000 Austin, Texas 78701 United States. 1-877-973-6446. sales@wpengine.com Le site internet www.datafret.com ci-apr\u00e8s &#8220;le site&#8221;) est \u00e9dit\u00e9 par la soci\u00e9t\u00e9 FARI ANALYTICS, soci\u00e9t\u00e9 par actions simplifi\u00e9es (SAS) au capital de 28 000 euros dont le si\u00e8ge social se situe au 11 cours du XXX Juillet, 33000 Bordeaux, immatricul\u00e9 au RCS le 01-02-2019 sous le n\u00b0\u00a0847 929 064. N\u00b0\u00a0SIRET\u00a0: 847 929 064 00024 N\u00b0 TVA intracommunautaire : F R 3 4 8 4 7 9 2 9 0 6 4\" \/>\n<meta property=\"og:url\" content=\"https:\/\/datafret.com\/en\/mentions-legales\/\" \/>\n<meta property=\"og:site_name\" content=\"DataFret\" \/>\n<meta property=\"article:modified_time\" content=\"2022-12-02T14:14:03+00:00\" \/>\n<meta name=\"twitter:card\" content=\"summary_large_image\" \/>\n<meta name=\"twitter:site\" content=\"@DataFret\" \/>\n<meta name=\"twitter:label1\" content=\"Est. reading time\" \/>\n\t<meta name=\"twitter:data1\" content=\"1 minute\" \/>\n<script type=\"application\/ld+json\" class=\"yoast-schema-graph\">{\"@context\":\"https:\\\/\\\/schema.org\",\"@graph\":[{\"@type\":\"WebPage\",\"@id\":\"https:\\\/\\\/datafret.com\\\/mentions-legales\\\/\",\"url\":\"https:\\\/\\\/datafret.com\\\/mentions-legales\\\/\",\"name\":\"Mentions l\u00e9gales | DataFret\",\"isPartOf\":{\"@id\":\"https:\\\/\\\/datafret.com\\\/#website\"},\"datePublished\":\"2022-12-01T11:16:38+00:00\",\"dateModified\":\"2022-12-02T14:14:03+00:00\",\"breadcrumb\":{\"@id\":\"https:\\\/\\\/datafret.com\\\/mentions-legales\\\/#breadcrumb\"},\"inLanguage\":\"en-US\",\"potentialAction\":[{\"@type\":\"ReadAction\",\"target\":[\"https:\\\/\\\/datafret.com\\\/mentions-legales\\\/\"]}]},{\"@type\":\"BreadcrumbList\",\"@id\":\"https:\\\/\\\/datafret.com\\\/mentions-legales\\\/#breadcrumb\",\"itemListElement\":[{\"@type\":\"ListItem\",\"position\":1,\"name\":\"Accueil\",\"item\":\"https:\\\/\\\/datafret.com\\\/\"},{\"@type\":\"ListItem\",\"position\":2,\"name\":\"Mentions l\u00e9gales\"}]},{\"@type\":\"WebSite\",\"@id\":\"https:\\\/\\\/datafret.com\\\/#website\",\"url\":\"https:\\\/\\\/datafret.com\\\/\",\"name\":\"DataFret\",\"description\":\"La solution de contr\u00f4le automatis\u00e9 des factures de transport\",\"publisher\":{\"@id\":\"https:\\\/\\\/datafret.com\\\/#organization\"},\"potentialAction\":[{\"@type\":\"SearchAction\",\"target\":{\"@type\":\"EntryPoint\",\"urlTemplate\":\"https:\\\/\\\/datafret.com\\\/?s={search_term_string}\"},\"query-input\":{\"@type\":\"PropertyValueSpecification\",\"valueRequired\":true,\"valueName\":\"search_term_string\"}}],\"inLanguage\":\"en-US\"},{\"@type\":\"Organization\",\"@id\":\"https:\\\/\\\/datafret.com\\\/#organization\",\"name\":\"DataFret\",\"url\":\"https:\\\/\\\/datafret.com\\\/\",\"logo\":{\"@type\":\"ImageObject\",\"inLanguage\":\"en-US\",\"@id\":\"https:\\\/\\\/datafret.com\\\/#\\\/schema\\\/logo\\\/image\\\/\",\"url\":\"https:\\\/\\\/datafret.com\\\/wp-content\\\/uploads\\\/2022\\\/11\\\/cropped-datafret-logo.png\",\"contentUrl\":\"https:\\\/\\\/datafret.com\\\/wp-content\\\/uploads\\\/2022\\\/11\\\/cropped-datafret-logo.png\",\"width\":1000,\"height\":286,\"caption\":\"DataFret\"},\"image\":{\"@id\":\"https:\\\/\\\/datafret.com\\\/#\\\/schema\\\/logo\\\/image\\\/\"},\"sameAs\":[\"https:\\\/\\\/x.com\\\/DataFret\",\"https:\\\/\\\/www.linkedin.com\\\/company\\\/datafret\\\/\"]}]}<\/script>\n<!-- \/ Yoast SEO plugin. -->","yoast_head_json":{"title":"Mentions l\u00e9gales | DataFret","robots":{"index":"noindex","follow":"nofollow"},"og_locale":"en_US","og_type":"article","og_title":"Mentions l\u00e9gales | DataFret","og_description":"Mentions l\u00e9gales Derni\u00e8re mise \u00e0 jour : 01\/01\/2022\u00a0 Directeur de la publication : Monsieur Mathieu Brothier, Co-fondateur. H\u00e9bergeur : Le site www.datafret.com est h\u00e9berg\u00e9 par la soci\u00e9t\u00e9 WP Engine :\u00a0 WP Engine 504 Lavaca Street, Suite 1000 Austin, Texas 78701 United States. 1-877-973-6446. sales@wpengine.com Le site internet www.datafret.com ci-apr\u00e8s &#8220;le site&#8221;) est \u00e9dit\u00e9 par la soci\u00e9t\u00e9 FARI ANALYTICS, soci\u00e9t\u00e9 par actions simplifi\u00e9es (SAS) au capital de 28 000 euros dont le si\u00e8ge social se situe au 11 cours du XXX Juillet, 33000 Bordeaux, immatricul\u00e9 au RCS le 01-02-2019 sous le n\u00b0\u00a0847 929 064. N\u00b0\u00a0SIRET\u00a0: 847 929 064 00024 N\u00b0 TVA intracommunautaire : F R 3 4 8 4 7 9 2 9 0 6 4","og_url":"https:\/\/datafret.com\/en\/mentions-legales\/","og_site_name":"DataFret","article_modified_time":"2022-12-02T14:14:03+00:00","twitter_card":"summary_large_image","twitter_site":"@DataFret","twitter_misc":{"Est. reading time":"1 minute"},"schema":{"@context":"https:\/\/schema.org","@graph":[{"@type":"WebPage","@id":"https:\/\/datafret.com\/mentions-legales\/","url":"https:\/\/datafret.com\/mentions-legales\/","name":"Mentions l\u00e9gales | DataFret","isPartOf":{"@id":"https:\/\/datafret.com\/#website"},"datePublished":"2022-12-01T11:16:38+00:00","dateModified":"2022-12-02T14:14:03+00:00","breadcrumb":{"@id":"https:\/\/datafret.com\/mentions-legales\/#breadcrumb"},"inLanguage":"en-US","potentialAction":[{"@type":"ReadAction","target":["https:\/\/datafret.com\/mentions-legales\/"]}]},{"@type":"BreadcrumbList","@id":"https:\/\/datafret.com\/mentions-legales\/#breadcrumb","itemListElement":[{"@type":"ListItem","position":1,"name":"Accueil","item":"https:\/\/datafret.com\/"},{"@type":"ListItem","position":2,"name":"Mentions l\u00e9gales"}]},{"@type":"WebSite","@id":"https:\/\/datafret.com\/#website","url":"https:\/\/datafret.com\/","name":"DataFret","description":"La solution de contr\u00f4le automatis\u00e9 des factures de transport","publisher":{"@id":"https:\/\/datafret.com\/#organization"},"potentialAction":[{"@type":"SearchAction","target":{"@type":"EntryPoint","urlTemplate":"https:\/\/datafret.com\/?s={search_term_string}"},"query-input":{"@type":"PropertyValueSpecification","valueRequired":true,"valueName":"search_term_string"}}],"inLanguage":"en-US"},{"@type":"Organization","@id":"https:\/\/datafret.com\/#organization","name":"DataFret","url":"https:\/\/datafret.com\/","logo":{"@type":"ImageObject","inLanguage":"en-US","@id":"https:\/\/datafret.com\/#\/schema\/logo\/image\/","url":"https:\/\/datafret.com\/wp-content\/uploads\/2022\/11\/cropped-datafret-logo.png","contentUrl":"https:\/\/datafret.com\/wp-content\/uploads\/2022\/11\/cropped-datafret-logo.png","width":1000,"height":286,"caption":"DataFret"},"image":{"@id":"https:\/\/datafret.com\/#\/schema\/logo\/image\/"},"sameAs":["https:\/\/x.com\/DataFret","https:\/\/www.linkedin.com\/company\/datafret\/"]}]}},"_links":{"self":[{"href":"https:\/\/datafret.com\/en\/wp-json\/wp\/v2\/pages\/4031","targetHints":{"allow":["GET"]}}],"collection":[{"href":"https:\/\/datafret.com\/en\/wp-json\/wp\/v2\/pages"}],"about":[{"href":"https:\/\/datafret.com\/en\/wp-json\/wp\/v2\/types\/page"}],"author":[{"embeddable":true,"href":"https:\/\/datafret.com\/en\/wp-json\/wp\/v2\/users\/2"}],"replies":[{"embeddable":true,"href":"https:\/\/datafret.com\/en\/wp-json\/wp\/v2\/comments?post=4031"}],"version-history":[{"count":0,"href":"https:\/\/datafret.com\/en\/wp-json\/wp\/v2\/pages\/4031\/revisions"}],"wp:attachment":[{"href":"https:\/\/datafret.com\/en\/wp-json\/wp\/v2\/media?parent=4031"}],"curies":[{"name":"wp","href":"https:\/\/api.w.org\/{rel}","templated":true}]}}